{"id":7,"date":"2008-10-14T13:59:22","date_gmt":"2008-10-14T11:59:22","guid":{"rendered":"http:\/\/www.tintenklecks2005.de\/?page_id=7"},"modified":"2019-06-13T11:48:44","modified_gmt":"2019-06-13T09:48:44","slug":"team","status":"publish","type":"page","link":"https:\/\/www.tintenklecks2005.de\/","title":{"rendered":"\u00dcber uns"},"content":{"rendered":"<div class=\"page\" title=\"Page 1\">\n<div class=\"layoutArea\">\n<div class=\"column\">\n<p>Liebe Sch\u00fclerinnen und Sch\u00fcler, sehr geehrte Eltern,<br \/>\nsehr gesch\u00e4tzte Mitarbeiter,<\/p>\n<p>aus pers\u00f6nlichen Gr\u00fcnden schlie\u00dfe ich den Tintenklecks zum 30.06.2019.<\/p>\n<p>Ich bedanke mich auf diesem Weg ganz herzlich bei allen, die in den letzten 14 Jahren bei mir Kunde (Sch\u00fcler\/innen und Eltern) und Mitarbeiter waren. Die Arbeit mit allen hat mir in dieser Zeit viel Freude gemacht. Diese lange Zeit war abwechslungsreich, interessant und f\u00fcr viele Sch\u00fcler\/innen und Lehrkr\u00e4fte sehr erfolgreich. Ich werde das alles sicher vermissen.<\/p>\n<p>Ich w\u00fcnsche Euch allen f\u00fcr die Zukunft alles Gute, Gesundheit und weiterhin viel Erfolg!<\/p>\n<p>Euer Dirk K\u00fchling vom Tintenklecks\u263a<\/p>\n<\/div>\n<\/div>\n<\/div>\n<p style=\"text-align: left;\"><em>\u00a0<\/em><\/p>\n","protected":false},"excerpt":{"rendered":"<p>Liebe Sch\u00fclerinnen und Sch\u00fcler, sehr geehrte Eltern, sehr gesch\u00e4tzte Mitarbeiter, aus pers\u00f6nlichen Gr\u00fcnden schlie\u00dfe ich den Tintenklecks zum 30.06.2019. Ich&#8230;<\/p>\n","protected":false},"author":1,"featured_media":0,"parent":0,"menu_order":0,"comment_status":"closed","ping_status":"open","template":"","meta":{"footnotes":""},"_links":{"self":[{"href":"https:\/\/www.tintenklecks2005.de\/index.php?rest_route=\/wp\/v2\/pages\/7"}],"collection":[{"href":"https:\/\/www.tintenklecks2005.de\/index.php?rest_route=\/wp\/v2\/pages"}],"about":[{"href":"https:\/\/www.tintenklecks2005.de\/index.php?rest_route=\/wp\/v2\/types\/page"}],"author":[{"embeddable":true,"href":"https:\/\/www.tintenklecks2005.de\/index.php?rest_route=\/wp\/v2\/users\/1"}],"replies":[{"embeddable":true,"href":"https:\/\/www.tintenklecks2005.de\/index.php?rest_route=%2Fwp%2Fv2%2Fcomments&post=7"}],"version-history":[{"count":85,"href":"https:\/\/www.tintenklecks2005.de\/index.php?rest_route=\/wp\/v2\/pages\/7\/revisions"}],"predecessor-version":[{"id":754,"href":"https:\/\/www.tintenklecks2005.de\/index.php?rest_route=\/wp\/v2\/pages\/7\/revisions\/754"}],"wp:attachment":[{"href":"https:\/\/www.tintenklecks2005.de\/index.php?rest_route=%2Fwp%2Fv2%2Fmedia&parent=7"}],"curies":[{"name":"wp","href":"https:\/\/api.w.org\/{rel}","templated":true}]}}